{"id":389,"date":"2022-11-16T18:29:42","date_gmt":"2022-11-16T23:29:42","guid":{"rendered":"https:\/\/fitbase.club\/jkfitnessgym\/?post_type=product&#038;p=389"},"modified":"2023-12-09T15:38:22","modified_gmt":"2023-12-09T20:38:22","slug":"preadn","status":"publish","type":"product","link":"https:\/\/fitbase.club\/jkfitnessgym\/producto\/preadn\/","title":{"rendered":"PREADN"},"content":{"rendered":"<div class=\"elementor-widget-container\">\n<p><strong>DESCRIPCI\u00d3N:<\/strong><\/p>\n<p>Maximice sus capacidades de entrenamiento con el pre-workout m\u00e1s eficaz que hemos desarrollado. PreADN ha sido formulado espec\u00edficamente utilizando ingredientes de vanguardia para proporcionar un enfoque superior, energ\u00eda extrema y una vascularizaci\u00f3n notable durante cada entrenamiento; desde el primer scoop hasta la \u00faltima toma.<\/p>\n<\/div>\n<p><strong>BENEFICIOS:<\/strong><\/p>\n<ul>\n<li>Brinda mayor fuerza y resistencia<\/li>\n<li>Mejora los niveles de energ\u00eda<\/li>\n<li>Mejora la vascularizaci\u00f3n<\/li>\n<\/ul>\n<p><strong>OBJETIVO:<\/strong><\/p>\n<ul>\n<li>Incrementar la energ\u00eda y resistencia durante el entrenamiento<\/li>\n<\/ul>\n","protected":false},"excerpt":{"rendered":"<p>DESCRIPCI\u00d3N: Maximice sus capacidades de entrenamiento con el pre-workout m\u00e1s eficaz que hemos desarrollado. PreADN ha sido formulado espec\u00edficamente utilizando ingredientes de vanguardia para proporcionar un enfoque superior, energ\u00eda extrema y una vascularizaci\u00f3n notable durante cada entrenamiento; desde el primer scoop hasta la \u00faltima toma. BENEFICIOS: Brinda mayor fuerza y resistencia Mejora los niveles de [&hellip;]<\/p>\n","protected":false},"featured_media":390,"comment_status":"open","ping_status":"closed","template":"","meta":{"pmpro_default_level":""},"product_cat":[21],"product_tag":[],"class_list":{"0":"post-389","1":"product","2":"type-product","3":"status-publish","4":"has-post-thumbnail","6":"product_brand-advanced-development-nutrition","7":"product_cat-suplementos","8":"pmpro-has-access","10":"first","11":"instock","12":"shipping-taxable","13":"purchasable","14":"product-type-simple"},"_links":{"self":[{"href":"https:\/\/fitbase.club\/jkfitnessgym\/wp-json\/wp\/v2\/product\/389","targetHints":{"allow":["GET"]}}],"collection":[{"href":"https:\/\/fitbase.club\/jkfitnessgym\/wp-json\/wp\/v2\/product"}],"about":[{"href":"https:\/\/fitbase.club\/jkfitnessgym\/wp-json\/wp\/v2\/types\/product"}],"replies":[{"embeddable":true,"href":"https:\/\/fitbase.club\/jkfitnessgym\/wp-json\/wp\/v2\/comments?post=389"}],"wp:featuredmedia":[{"embeddable":true,"href":"https:\/\/fitbase.club\/jkfitnessgym\/wp-json\/wp\/v2\/media\/390"}],"wp:attachment":[{"href":"https:\/\/fitbase.club\/jkfitnessgym\/wp-json\/wp\/v2\/media?parent=389"}],"wp:term":[{"taxonomy":"product_cat","embeddable":true,"href":"https:\/\/fitbase.club\/jkfitnessgym\/wp-json\/wp\/v2\/product_cat?post=389"},{"taxonomy":"product_tag","embeddable":true,"href":"https:\/\/fitbase.club\/jkfitnessgym\/wp-json\/wp\/v2\/product_tag?post=389"}],"curies":[{"name":"wp","href":"https:\/\/api.w.org\/{rel}","templated":true}]}}