{"id":385,"date":"2022-11-16T18:25:42","date_gmt":"2022-11-16T23:25:42","guid":{"rendered":"https:\/\/fitbase.club\/jkfitnessgym\/?post_type=product&#038;p=385"},"modified":"2023-12-09T15:38:22","modified_gmt":"2023-12-09T20:38:22","slug":"pro-fitness","status":"publish","type":"product","link":"https:\/\/fitbase.club\/jkfitnessgym\/producto\/pro-fitness\/","title":{"rendered":"PRO FITNESS"},"content":{"rendered":"<div class=\"elementor-widget-container\">\n<p><strong>DESCRIPCI\u00d3N:<\/strong><\/p>\n<p>Mant\u00e9n tus objetivos bajo control y no permitas que una agenda ocupada te haga perder la concentraci\u00f3n. ProFitness es la soluci\u00f3n perfecta para esos momentos en los que necesitas una comida r\u00e1pida pero no tienes la capacidad de sentarte o incluso preparar algo. ProFitness est\u00e1 dise\u00f1ado para proporcionar a tu cuerpo todos los macronutrientes, vitaminas y minerales cr\u00edticos necesarios para satisfacer tus necesidades nutricionales y ayudar a satisfacer tu hambre.<\/p>\n<\/div>\n<p><strong>BENEFICIOS:<\/strong><\/p>\n<ul>\n<li>Reemplazador de comidas<\/li>\n<li>Promueve la ganancia muscular magra y recuperaci\u00f3n<\/li>\n<li>Ayuda a mantenerte saciado<\/li>\n<li>Ayuda a mantener niveles de az\u00facar saludables<\/li>\n<\/ul>\n<p><strong>OBJETIVO:<\/strong><\/p>\n<ul>\n<li>Complemento en reg\u00edmenes alimenticios<\/li>\n<\/ul>\n","protected":false},"excerpt":{"rendered":"<p>DESCRIPCI\u00d3N: Mant\u00e9n tus objetivos bajo control y no permitas que una agenda ocupada te haga perder la concentraci\u00f3n. ProFitness es la soluci\u00f3n perfecta para esos momentos en los que necesitas una comida r\u00e1pida pero no tienes la capacidad de sentarte o incluso preparar algo. ProFitness est\u00e1 dise\u00f1ado para proporcionar a tu cuerpo todos los macronutrientes, [&hellip;]<\/p>\n","protected":false},"featured_media":386,"comment_status":"open","ping_status":"closed","template":"","meta":{"pmpro_default_level":""},"product_cat":[21],"product_tag":[],"class_list":{"0":"post-385","1":"product","2":"type-product","3":"status-publish","4":"has-post-thumbnail","6":"product_brand-advanced-development-nutrition","7":"product_cat-suplementos","8":"pmpro-has-access","10":"first","11":"instock","12":"shipping-taxable","13":"purchasable","14":"product-type-simple"},"_links":{"self":[{"href":"https:\/\/fitbase.club\/jkfitnessgym\/wp-json\/wp\/v2\/product\/385","targetHints":{"allow":["GET"]}}],"collection":[{"href":"https:\/\/fitbase.club\/jkfitnessgym\/wp-json\/wp\/v2\/product"}],"about":[{"href":"https:\/\/fitbase.club\/jkfitnessgym\/wp-json\/wp\/v2\/types\/product"}],"replies":[{"embeddable":true,"href":"https:\/\/fitbase.club\/jkfitnessgym\/wp-json\/wp\/v2\/comments?post=385"}],"wp:featuredmedia":[{"embeddable":true,"href":"https:\/\/fitbase.club\/jkfitnessgym\/wp-json\/wp\/v2\/media\/386"}],"wp:attachment":[{"href":"https:\/\/fitbase.club\/jkfitnessgym\/wp-json\/wp\/v2\/media?parent=385"}],"wp:term":[{"taxonomy":"product_cat","embeddable":true,"href":"https:\/\/fitbase.club\/jkfitnessgym\/wp-json\/wp\/v2\/product_cat?post=385"},{"taxonomy":"product_tag","embeddable":true,"href":"https:\/\/fitbase.club\/jkfitnessgym\/wp-json\/wp\/v2\/product_tag?post=385"}],"curies":[{"name":"wp","href":"https:\/\/api.w.org\/{rel}","templated":true}]}}