{"id":383,"date":"2022-11-16T18:23:13","date_gmt":"2022-11-16T23:23:13","guid":{"rendered":"https:\/\/fitbase.club\/jkfitnessgym\/?post_type=product&#038;p=383"},"modified":"2023-12-09T15:38:22","modified_gmt":"2023-12-09T20:38:22","slug":"fit-mass","status":"publish","type":"product","link":"https:\/\/fitbase.club\/jkfitnessgym\/producto\/fit-mass\/","title":{"rendered":"FIT MASS"},"content":{"rendered":"<div class=\"elementor-widget-container\">\n<p><strong>DESCRIPCI\u00d3N:<\/strong><\/p>\n<p>FIT MASS est\u00e1 creado para la mujer, cuenta con el balance ideal de prote\u00ednas y carbohidratos de mediana y r\u00e1pida absorci\u00f3n que aportar\u00e1 la dosis extra de calor\u00edas necesarias en el logro de tus objetivos; con BCAA y COL\u00c1GENO HIDROLIZADO, a\u00f1adimos \u00c1CIDO F\u00d3LICO necesario para la absorci\u00f3n de prote\u00ednas y vitaminas que toda mujer necesita.<\/p>\n<\/div>\n<p><strong>BENEFICIOS:<\/strong><\/p>\n<ul>\n<li>40 gramos de prote\u00edna por servicio<\/li>\n<li>Carbohidratos<\/li>\n<li>Col\u00e1geno hidrolizado<\/li>\n<li>\u00c1cido f\u00f3lico<\/li>\n<li>Vitaminas del complejo B<\/li>\n<li>BCAA<\/li>\n<\/ul>\n","protected":false},"excerpt":{"rendered":"<p>DESCRIPCI\u00d3N: FIT MASS est\u00e1 creado para la mujer, cuenta con el balance ideal de prote\u00ednas y carbohidratos de mediana y r\u00e1pida absorci\u00f3n que aportar\u00e1 la dosis extra de calor\u00edas necesarias en el logro de tus objetivos; con BCAA y COL\u00c1GENO HIDROLIZADO, a\u00f1adimos \u00c1CIDO F\u00d3LICO necesario para la absorci\u00f3n de prote\u00ednas y vitaminas que toda mujer [&hellip;]<\/p>\n","protected":false},"featured_media":384,"comment_status":"open","ping_status":"closed","template":"","meta":{"pmpro_default_level":""},"product_cat":[21],"product_tag":[],"class_list":{"0":"post-383","1":"product","2":"type-product","3":"status-publish","4":"has-post-thumbnail","6":"product_brand-fitfem","7":"product_cat-suplementos","8":"pmpro-has-access","10":"first","11":"instock","12":"shipping-taxable","13":"purchasable","14":"product-type-simple"},"_links":{"self":[{"href":"https:\/\/fitbase.club\/jkfitnessgym\/wp-json\/wp\/v2\/product\/383","targetHints":{"allow":["GET"]}}],"collection":[{"href":"https:\/\/fitbase.club\/jkfitnessgym\/wp-json\/wp\/v2\/product"}],"about":[{"href":"https:\/\/fitbase.club\/jkfitnessgym\/wp-json\/wp\/v2\/types\/product"}],"replies":[{"embeddable":true,"href":"https:\/\/fitbase.club\/jkfitnessgym\/wp-json\/wp\/v2\/comments?post=383"}],"wp:featuredmedia":[{"embeddable":true,"href":"https:\/\/fitbase.club\/jkfitnessgym\/wp-json\/wp\/v2\/media\/384"}],"wp:attachment":[{"href":"https:\/\/fitbase.club\/jkfitnessgym\/wp-json\/wp\/v2\/media?parent=383"}],"wp:term":[{"taxonomy":"product_cat","embeddable":true,"href":"https:\/\/fitbase.club\/jkfitnessgym\/wp-json\/wp\/v2\/product_cat?post=383"},{"taxonomy":"product_tag","embeddable":true,"href":"https:\/\/fitbase.club\/jkfitnessgym\/wp-json\/wp\/v2\/product_tag?post=383"}],"curies":[{"name":"wp","href":"https:\/\/api.w.org\/{rel}","templated":true}]}}