{"id":381,"date":"2022-11-16T18:20:43","date_gmt":"2022-11-16T23:20:43","guid":{"rendered":"https:\/\/fitbase.club\/jkfitnessgym\/?post_type=product&#038;p=381"},"modified":"2024-03-16T16:51:55","modified_gmt":"2024-03-16T21:51:55","slug":"collagen-fit","status":"publish","type":"product","link":"https:\/\/fitbase.club\/jkfitnessgym\/producto\/collagen-fit\/","title":{"rendered":"COLLAGEN FIT"},"content":{"rendered":"<div class=\"elementor-widget-container\">\n<p><strong>DESCRIPCI\u00d3N:<\/strong><\/p>\n<p>COLLAGEN FIT\u00a0 ha sido dise\u00f1ado especialmente para el organismo de la mujer en el rendimiento de la actividad f\u00edsica a la hora de hacer ejercicio, esto se debe a que contiene CAFE\u00cdNA, TAURINA, COL\u00c1GENO Y L-ARGININA. Se le ha adicionado VITAMINA C, VITAMINA B6 y gracias a su aporte de L-CARNITINA te ayudar\u00e1 a reducir los niveles de grasa, mejorando el rendimiento en deportes donde se necesita una explosi\u00f3n de energ\u00eda s\u00fabita y baja, te sentir\u00e1s con m\u00e1s energ\u00eda durante tus entrenamientos.<\/p>\n<\/div>\n<p><strong>BENEFICIOS:<\/strong><\/p>\n<ul>\n<li>Convierte la grasa en energ\u00eda.<\/li>\n<li>Acelera el metabolismo.<\/li>\n<li>Contiene col\u00e1geno.<\/li>\n<li>Contiene arginina.<\/li>\n<li>Contiene L-Carnitina.<\/li>\n<\/ul>\n<p><strong>PRESENTACI\u00d3N:<\/strong><\/p>\n<ul>\n<li>Pack de 15 botellas (135ml c\/u)<\/li>\n<\/ul>\n<p><strong>SABOR:<\/strong><\/p>\n<ul>\n<li>Blueberry<\/li>\n<\/ul>\n","protected":false},"excerpt":{"rendered":"<p>DESCRIPCI\u00d3N: COLLAGEN FIT\u00a0 ha sido dise\u00f1ado especialmente para el organismo de la mujer en el rendimiento de la actividad f\u00edsica a la hora de hacer ejercicio, esto se debe a que contiene CAFE\u00cdNA, TAURINA, COL\u00c1GENO Y L-ARGININA. Se le ha adicionado VITAMINA C, VITAMINA B6 y gracias a su aporte de L-CARNITINA te ayudar\u00e1 a [&hellip;]<\/p>\n","protected":false},"featured_media":382,"comment_status":"open","ping_status":"closed","template":"","meta":{"pmpro_default_level":""},"product_cat":[21],"product_tag":[],"class_list":{"0":"post-381","1":"product","2":"type-product","3":"status-publish","4":"has-post-thumbnail","6":"product_brand-fitfem","7":"product_cat-suplementos","8":"pmpro-has-access","10":"first","11":"instock","12":"shipping-taxable","13":"purchasable","14":"product-type-variable"},"_links":{"self":[{"href":"https:\/\/fitbase.club\/jkfitnessgym\/wp-json\/wp\/v2\/product\/381","targetHints":{"allow":["GET"]}}],"collection":[{"href":"https:\/\/fitbase.club\/jkfitnessgym\/wp-json\/wp\/v2\/product"}],"about":[{"href":"https:\/\/fitbase.club\/jkfitnessgym\/wp-json\/wp\/v2\/types\/product"}],"replies":[{"embeddable":true,"href":"https:\/\/fitbase.club\/jkfitnessgym\/wp-json\/wp\/v2\/comments?post=381"}],"wp:featuredmedia":[{"embeddable":true,"href":"https:\/\/fitbase.club\/jkfitnessgym\/wp-json\/wp\/v2\/media\/382"}],"wp:attachment":[{"href":"https:\/\/fitbase.club\/jkfitnessgym\/wp-json\/wp\/v2\/media?parent=381"}],"wp:term":[{"taxonomy":"product_cat","embeddable":true,"href":"https:\/\/fitbase.club\/jkfitnessgym\/wp-json\/wp\/v2\/product_cat?post=381"},{"taxonomy":"product_tag","embeddable":true,"href":"https:\/\/fitbase.club\/jkfitnessgym\/wp-json\/wp\/v2\/product_tag?post=381"}],"curies":[{"name":"wp","href":"https:\/\/api.w.org\/{rel}","templated":true}]}}