{"id":379,"date":"2022-11-16T18:18:15","date_gmt":"2022-11-16T23:18:15","guid":{"rendered":"https:\/\/fitbase.club\/jkfitnessgym\/?post_type=product&#038;p=379"},"modified":"2024-01-20T08:29:54","modified_gmt":"2024-01-20T13:29:54","slug":"x-b","status":"publish","type":"product","link":"https:\/\/fitbase.club\/jkfitnessgym\/producto\/x-b\/","title":{"rendered":"X-B"},"content":{"rendered":"<div class=\"elementor-element elementor-element-44e7388 elementor-widget elementor-widget-text-editor\" data-id=\"44e7388\" data-element_type=\"widget\" data-widget_type=\"text-editor.default\">\n<div class=\"elementor-widget-container\">\n<p><strong>DESCRIPCI\u00d3N:<\/strong><\/p>\n<p>X-B apoya a mantener un metabolismo saludable, aumenta la producci\u00f3n de energ\u00eda, la resistencia, el enfoque mental y contiene un delicioso sabor. X-B lo ayudar\u00e1 a incinerar esa grasa corporal obstinada y lo ayudar\u00e1 a acercarse a\u00fan m\u00e1s a lograr su objetivo de p\u00e9rdida de peso.<\/p>\n<p><strong>BENEFICIOS:<\/strong><\/p>\n<ul>\n<li>Mayor energ\u00eda<\/li>\n<li>Mayor resistencia<\/li>\n<li>Incrementa la quema de calor\u00edas<\/li>\n<\/ul>\n<p><strong>OBJETIVO:<\/strong><\/p>\n<ul>\n<li>Mejorar la quema de grasa y p\u00e9rdida de calor\u00edas<\/li>\n<\/ul>\n<\/div>\n<\/div>\n<div class=\"elementor-element elementor-element-0a2b629 elementor-widget elementor-widget-text-editor\" data-id=\"0a2b629\" data-element_type=\"widget\" data-widget_type=\"text-editor.default\">\n<div class=\"elementor-widget-container\">\n<p><strong>PRESENTACI\u00d3N<\/strong><\/p>\n<ul>\n<li>Pack de 15 botellas<\/li>\n<\/ul>\n<\/div>\n<\/div>\n","protected":false},"excerpt":{"rendered":"<p>DESCRIPCI\u00d3N: X-B apoya a mantener un metabolismo saludable, aumenta la producci\u00f3n de energ\u00eda, la resistencia, el enfoque mental y contiene un delicioso sabor. X-B lo ayudar\u00e1 a incinerar esa grasa corporal obstinada y lo ayudar\u00e1 a acercarse a\u00fan m\u00e1s a lograr su objetivo de p\u00e9rdida de peso. BENEFICIOS: Mayor energ\u00eda Mayor resistencia Incrementa la quema [&hellip;]<\/p>\n","protected":false},"featured_media":380,"comment_status":"open","ping_status":"closed","template":"","meta":{"pmpro_default_level":""},"product_cat":[21],"product_tag":[],"class_list":{"0":"post-379","1":"product","2":"type-product","3":"status-publish","4":"has-post-thumbnail","6":"product_brand-un","7":"product_cat-suplementos","8":"pmpro-has-access","10":"first","11":"instock","12":"shipping-taxable","13":"purchasable","14":"product-type-variable"},"_links":{"self":[{"href":"https:\/\/fitbase.club\/jkfitnessgym\/wp-json\/wp\/v2\/product\/379","targetHints":{"allow":["GET"]}}],"collection":[{"href":"https:\/\/fitbase.club\/jkfitnessgym\/wp-json\/wp\/v2\/product"}],"about":[{"href":"https:\/\/fitbase.club\/jkfitnessgym\/wp-json\/wp\/v2\/types\/product"}],"replies":[{"embeddable":true,"href":"https:\/\/fitbase.club\/jkfitnessgym\/wp-json\/wp\/v2\/comments?post=379"}],"wp:featuredmedia":[{"embeddable":true,"href":"https:\/\/fitbase.club\/jkfitnessgym\/wp-json\/wp\/v2\/media\/380"}],"wp:attachment":[{"href":"https:\/\/fitbase.club\/jkfitnessgym\/wp-json\/wp\/v2\/media?parent=379"}],"wp:term":[{"taxonomy":"product_cat","embeddable":true,"href":"https:\/\/fitbase.club\/jkfitnessgym\/wp-json\/wp\/v2\/product_cat?post=379"},{"taxonomy":"product_tag","embeddable":true,"href":"https:\/\/fitbase.club\/jkfitnessgym\/wp-json\/wp\/v2\/product_tag?post=379"}],"curies":[{"name":"wp","href":"https:\/\/api.w.org\/{rel}","templated":true}]}}